{"id":972,"date":"2025-06-06T09:12:38","date_gmt":"2025-06-06T09:12:38","guid":{"rendered":"https:\/\/platform.codesupply.co\/platform\/?page_id=132"},"modified":"2025-12-21T16:03:57","modified_gmt":"2025-12-21T19:03:57","slug":"privacy-policy","status":"publish","type":"page","link":"https:\/\/saopaulodigital.com.br\/portal\/privacy-policy\/","title":{"rendered":"Pol\u00edtica de Privacidade"},"content":{"rendered":"<section data-id=\"03bd87b\" data-element_type=\"section\" data-settings=\"{&quot;background_background&quot;:&quot;classic&quot;}\">\n<h5>1. Como o S\u00e3o Paulo Digital coleta os dados pessoais e que tipos de dados s\u00e3o coletados?<\/h5>\n<p>Os tipos de dados pessoais e a forma como o S\u00e3o Paulo Digital os coleta depende de como voc\u00ea se relaciona com a gente e por qu\u00ea. Por exemplo, caso voc\u00ea apenas entre em contato conosco por meio do nosso website, os dados coletados n\u00e3o ser\u00e3o exatamente os mesmos daqueles coletados caso voc\u00ea se cadastre na plataforma.<\/p>\n<p>Para saber mais sobre quais s\u00e3o esses dados e suas respectivas finalidades, consulte nossa Tabela de Dados Pessoais abaixo disponibilizada, nas quais \u00e9 poss\u00edvel identificar, conforme o caso, como seus dados s\u00e3o tratados por n\u00f3s.<\/p>\n<p>Caso tenha d\u00favidas sobre esse ponto, entre em contato conosco. Ficaremos contentes em atender voc\u00ea por meio do e-mail contato@saopaulodigital.com.br e poderemos te explicar mais sobre como, quando e por que usamos seus dados pessoais.<\/p>\n<\/section>\n<section data-id=\"f581f47\" data-element_type=\"section\" data-settings=\"{&quot;background_background&quot;:&quot;classic&quot;}\">\n<h5>2. Cookies: O que s\u00e3o e como o S\u00e3o Paulo Digital os utiliza?<\/h5>\n<p>Cookies s\u00e3o pequenos arquivos de texto armazenados em seu navegador ou dispositivo. Os cookies nos permitem reconhecer as suas prefer\u00eancias para adaptar o nosso website e nosso aplicativo \u00e0s suas necessidades espec\u00edficas.<\/p>\n<p>Os cookies geralmente t\u00eam uma data de expira\u00e7\u00e3o. Alguns cookies s\u00e3o exclu\u00eddos automaticamente quando voc\u00ea fechar o navegador (os chamados cookies de sess\u00e3o), enquanto outros podem ser armazenados por mais tempo no computador at\u00e9 serem exclu\u00eddos manualmente (os chamados cookies persistentes). A S\u00e3o Paulo Digital utiliza os seguintes tipos de cookies:<\/p>\n<ul>\n<li><strong>Cookies estritamente necess\u00e1rios<\/strong>, para que nosso website e aplicativo funcione corretamente. N\u00e3o \u00e9 poss\u00edvel recusar estes cookies se voc\u00ea quiser acessar o website e o aplicativo;<\/li>\n<li><strong>Cookies de an\u00e1lise<\/strong>, para melhorar o conte\u00fado do website e do aplicativo, fornecendo informa\u00e7\u00f5es sobre como eles est\u00e3o sendo usados a fim de melhorar a sua experi\u00eancia como usu\u00e1rio. Realizam coleta autom\u00e1tica de determinados dados pessoais para identificar, por exemplo, quantas vezes determinada p\u00e1gina foi visitada; e<\/li>\n<li>\u200d<strong>Cookies de funcionalidade<\/strong>, para gravar os dados anteriormente fornecidos, a fim de melhorar a experi\u00eancia de navega\u00e7\u00e3o do usu\u00e1rio.<\/li>\n<\/ul>\n<p>O uso de cookies \u00e9 baseado no leg\u00edtimo interesse da S\u00e3o Paulo Digital. Assim, caso voc\u00ea deseje recusar a instala\u00e7\u00e3o desses cookies no seu dispositivo e\/ou optar pela remo\u00e7\u00e3o de cookies, voc\u00ea pode fazer isso pela configura\u00e7\u00e3o do seu navegador. Voc\u00ea encontrar\u00e1 mais explica\u00e7\u00f5es sobre como proceder clicando nos links abaixo. Para encontrar informa\u00e7\u00f5es relacionadas a outros navegadores, visite o site do desenvolvedor do navegador.<\/p>\n<p>Importante esclarecer que a S\u00e3o Paulo Digital n\u00e3o se responsabiliza pelo uso de cookies por terceiros. Fique atento, pois os cookies colocados por terceiros podem eventualmente continuar a monitorar as suas atividades online mesmo depois de voc\u00ea ter sa\u00eddo de nosso website, sendo recomend\u00e1vel que voc\u00ea limpe seus dados de navega\u00e7\u00e3o regularmente.<\/p>\n<\/section>\n<section data-id=\"c4f47f4\" data-element_type=\"section\" data-settings=\"{&quot;background_background&quot;:&quot;classic&quot;}\">\n<h5>3. Com quem o S\u00e3o Paulo Digital compartilha seus dados pessoais?<\/h5>\n<p>Algumas vezes, precisamos compartilhar os seus dados pessoais com terceiros que prestam servi\u00e7os em nosso nome. \u00c9 o caso, por exemplo, dos servi\u00e7os contratados por n\u00f3s para a hospedagem das nossas bases de dados. Abaixo descrevemos algumas situa\u00e7\u00f5es nas quais podemos compartilhar os seus dados pessoais:<\/p>\n<ul role=\"list\">\n<li><strong>Servi\u00e7o de hospedagem<\/strong>. O site e a plataforma encontram-se hospedados em servidores de titularidade da empresa Amazon Web Services. A pol\u00edtica de privacidade, bem como os termos de uso do servi\u00e7o de hospedagem oferecido podem ser acessados no site\u00a0<a href=\"https:\/\/web.archive.org\/web\/20250125071636\/https:\/\/aws.amazon.com\/pt\/legal\/?nc1=f_cc\" target=\"_blank\" rel=\"noopener\">https:\/\/aws.amazon.com\/pt\/legal\/?nc1=f_cc<\/a>.<br \/>\u200d<\/li>\n<li><strong>Empresas de processamento de meios de pagamento<\/strong>. Todos os pagamentos realizados atrav\u00e9s do site s\u00e3o processados atrav\u00e9s de ferramentas de titularidade da empresa Adyen. Mais informa\u00e7\u00f5es sobre os servi\u00e7os oferecidos por essa empresa podem ser acessadas em\u00a0<a href=\"https:\/\/web.archive.org\/web\/20250125071636\/https:\/\/www.adyen.com\/pt_BR\/\" target=\"_blank\" rel=\"noopener\">https:\/\/www.adyen.com\/pt_BR\/<\/a>.<br \/>\u200d<\/li>\n<li><strong>Empresas de m\u00e9tricas de acesso<\/strong>. A S\u00e3o Paulo Digital utiliza as ferramentas Google Analytics, Firebase e Mixpanel para processamento e visualiza\u00e7\u00e3o de m\u00e9tricas de acesso. Tanto a pol\u00edtica de privacidade, como os termos de uso dessas ferramentas podem ser acessados nos sites\u00a0<a href=\"https:\/\/web.archive.org\/web\/20250125071636\/https:\/\/www.google.com\/intl\/pt\/analytics\/\" target=\"_blank\" rel=\"noopener\">https:\/\/www.google.com\/intl\/pt\/analytics\/<\/a>,\u00a0<a href=\"https:\/\/web.archive.org\/web\/20250125071636\/https:\/\/firebase.google.com\/support\/privacy\/\" target=\"_blank\" rel=\"noopener\">https:\/\/firebase.google.com\/support\/privacy\/<\/a>\u00a0e\u00a0<a href=\"https:\/\/web.archive.org\/web\/20250125071636\/https:\/\/mixpanel.com\/\" target=\"_blank\" rel=\"noopener\">https:\/\/mixpanel.com\/<\/a>.<br \/>\u200d<\/li>\n<li><strong>Ferramentas de publicidade<\/strong>. A S\u00e3o Paulo Digital utiliza as ferramentas Facebook Ads, Google Adwords e LinkedIn Ads para personaliza\u00e7\u00e3o de an\u00fancios de publicidade e retargeting. Para consultar a pol\u00edtica de privacidade, bem como os termos de uso dessas ferramentas, acesse o site\u00a0<a href=\"https:\/\/web.archive.org\/web\/20250125071636\/https:\/\/www.facebook.com\/business\/products\/ads\" target=\"_blank\" rel=\"noopener\">https:\/\/www.facebook.com\/business\/products\/ads<\/a>,\u00a0<a href=\"https:\/\/web.archive.org\/web\/20250125071636\/https:\/\/www.google.com.br\/adwords\/\" target=\"_blank\" rel=\"noopener\">https:\/\/www.google.com.br\/adwords\/<\/a>\u00a0e\u00a0<a href=\"https:\/\/web.archive.org\/web\/20250125071636\/https:\/\/www.linkedin.com\/legal\/privacy-policy\" target=\"_blank\" rel=\"noopener\">https:\/\/www.linkedin.com\/legal\/privacy-policy<\/a>.<br \/>\u200d<\/li>\n<li><strong>Ferramentas de seguran\u00e7a<\/strong>. Para garantir que as Informa\u00e7\u00f5es Pessoais estar\u00e3o protegidas, a S\u00e3o Paulo Digital utiliza ferramentas de seguran\u00e7a como certificados digitais de titularidade da GoDaddy. Para saber mais, consulte o site\u00a0<a href=\"https:\/\/web.archive.org\/web\/20250125071636\/https:\/\/br.godaddy.com\/\" target=\"_blank\" rel=\"noopener\">https:\/\/br.godaddy.com\/<\/a>.<br \/>\u200d<\/li>\n<li><strong>Ferramentas integradas<\/strong>. Caso opte por ativar uma integra\u00e7\u00e3o do S\u00e3o Paulo Digital com outra ferramenta, o S\u00e3o Paulo Digital poder\u00e1, caso necess\u00e1rio, compartilhar dados pessoais para que essa integra\u00e7\u00e3o ofere\u00e7a o servi\u00e7o esperado.<br \/>\u200d<\/li>\n<li><strong>Autoridades p\u00fablicas<\/strong>. Temos de cumprir a lei. Assim, se uma autoridade com compet\u00eancia legal, como a Receita Federal, exigir que a S\u00e3o Paulo Digital compartilhe certos dados pessoais para, por exemplo, uma investiga\u00e7\u00e3o criminal, necessitaremos compartilhar essas informa\u00e7\u00f5es. Somos contra qualquer abuso de autoridade e, caso a S\u00e3o Paulo Digital entenda que determinada ordem \u00e9 abusiva, vamos sempre privilegiar sua privacidade.<br \/>\u200d<\/li>\n<li><strong>Prote\u00e7\u00e3o de direitos<\/strong>. Al\u00e9m disso, reservamo-nos o direito de compartilhar quaisquer dados pessoais que acreditarmos serem necess\u00e1rios para cumprir uma obriga\u00e7\u00e3o legal, aplicar os Termos de Uso da S\u00e3o Paulo Digital ou, ainda, proteger os direitos da S\u00e3o Paulo Digital, de seus colaboradores e clientes.<\/li>\n<\/ul>\n<\/section>\n<section data-id=\"2a2b8e7d\" data-element_type=\"section\" data-settings=\"{&quot;background_background&quot;:&quot;classic&quot;}\">\n<h5>4. O S\u00e3o Paulo Digital transfere seus dados pessoais para outros pa\u00edses?<\/h5>\n<p>Como mencionamos no item acima, podemos compartilhar as suas informa\u00e7\u00f5es pessoais com fornecedores da Uehbe Editora e Eventos Ltda. Poderemos, por exemplo, transferir os seus Dados Pessoais para a empresa respons\u00e1vel pela hospedagem das nossas bases de dados, cuja sede localiza-se no exterior.<\/p>\n<p>Essas transfer\u00eancias envolvem apenas empresas que demonstrem estar em conformidade com as leis de prote\u00e7\u00e3o de dados aplic\u00e1veis, e mantenham um n\u00edvel de conformidade semelhante ou mais rigoroso do que o previsto na legisla\u00e7\u00e3o brasileira aplic\u00e1vel.<\/p>\n<p>Caso tenha qualquer d\u00favida em rela\u00e7\u00e3o a quais s\u00e3o todas essas empresas, entre em contato conosco por meio do seguinte canal de contato\u00a0<a href=\"https:\/\/web.archive.org\/web\/20250125071636\/mailto:contato@saopaulodigital.com.br\"><strong>contato@saopaulodigital.com.br<\/strong><\/a>.<\/p>\n<\/section>\n<section data-id=\"2cd016d7\" data-element_type=\"section\" data-settings=\"{&quot;background_background&quot;:&quot;classic&quot;}\">\n<h5>5. Quais s\u00e3o os seus direitos como titular dos dados pessoais?<\/h5>\n<p>Os dados pessoais s\u00e3o seus e a lei brasileira garante que voc\u00ea tenha uma s\u00e9rie de direitos relacionados a eles. N\u00f3s estamos comprometidos com o cumprimento desses direitos e, nessa se\u00e7\u00e3o, vamos explicar como voc\u00ea pode exerc\u00ea-los junto \u00e0 S\u00e3o Paulo Digital.<\/p>\n<p>Nos casos em que a S\u00e3o Paulo Digital \u00e9 operadora dos dados pessoais, ou seja, trata os dados em nome de seus clientes, recomendamos que voc\u00ea entre em contato diretamente com o cliente com o qual voc\u00ea se relaciona para um atendimento mais r\u00e1pido de seus direitos como titular.<\/p>\n<p>\u00a0<\/p>\n<ul>\n<li><strong>Confirma\u00e7\u00e3o e acesso<\/strong><\/li>\n<\/ul>\n<p>Permite que voc\u00ea possa verificar se a S\u00e3o Paulo Digital trata dados pessoais seus e, em caso positivo, requisitar uma c\u00f3pia dos dados pessoais que n\u00f3s temos sobre voc\u00ea.<br \/>\n\u00a0<\/p>\n<ul>\n<li><strong>Corre\u00e7\u00e3o<\/strong><\/li>\n<\/ul>\n<p>Permite que voc\u00ea solicite a corre\u00e7\u00e3o dos seus dados pessoais incompletos, inexatos ou desatualizados.<br \/>\n\u00a0<\/p>\n<ul>\n<li><strong>Anonimiza\u00e7\u00e3o, bloqueio ou elimina\u00e7\u00e3o<\/strong><\/li>\n<\/ul>\n<p>Permite que voc\u00ea nos pe\u00e7a para (a) anonimizar seus dados, de forma que eles n\u00e3o possam mais ser relacionados a voc\u00ea e, portanto, deixem de ser dados pessoais; (b) bloquear seus dados, suspendendo temporariamente a sua possibilidade de os tratarmos; e (c) eliminar seus dados, caso em que apagaremos todos os seus dados pessoais sem possibilidade de revers\u00e3o, salvo nos casos previstos em lei. No entanto, a requisi\u00e7\u00e3o s\u00f3 poder\u00e1 ser atendida caso esses dados sejam excessivos, desnecess\u00e1rios ou tratados em desconformidade com a lei.<br \/>\n\u00a0<\/p>\n<ul>\n<li><strong>Portabilidade<\/strong><\/li>\n<\/ul>\n<p>Voc\u00ea tem o direito de solicitar, mediante requisi\u00e7\u00e3o expressa, que a S\u00e3o Paulo Digital forne\u00e7a a voc\u00ea, ou a terceiro que voc\u00ea escolher, os seus dados pessoais em formato estruturado e interoper\u00e1vel, para transfer\u00eancia a outro fornecedor de servi\u00e7o ou produto, desde que n\u00e3o viole a propriedade intelectual ou segredo de neg\u00f3cios da empresa.<br \/>\n\u00a0<\/p>\n<ul>\n<li><strong>Informa\u00e7\u00e3o sobre o compartilhamento<\/strong><\/li>\n<\/ul>\n<p>Voc\u00ea tem o direito de saber quais s\u00e3o as entidades p\u00fablicas e privadas com as quais a S\u00e3o Paulo Digital realiza uso compartilhado de dados. Manteremos nessa Pol\u00edtica a lista dos tipos de parceiros com que compartilhamos os dados sempre atualizada. Em todo caso, se voc\u00ea tiver d\u00favidas ou quiser maiores detalhes, voc\u00ea tem o direito de nos solicitar essas informa\u00e7\u00f5es.<br \/>\n\u00a0<\/p>\n<ul>\n<li><strong>Informa\u00e7\u00e3o sobre a possibilidade de n\u00e3o consentir<\/strong><\/li>\n<\/ul>\n<p>Permite que voc\u00ea tenha informa\u00e7\u00f5es claras e completas sobre a possibilidade e as consequ\u00eancias de n\u00e3o fornecer consentimento. O seu consentimento, quando necess\u00e1rio, deve ser livre e informado. Portanto, sempre que pedirmos seu consentimento, voc\u00ea ser\u00e1 livre para neg\u00e1-lo \u2013 ainda que, nesses casos, seja poss\u00edvel que tenhamos que limitar nossos servi\u00e7os.<br \/>\n\u00a0<\/p>\n<ul>\n<li><strong>Revoga\u00e7\u00e3o do consentimento<\/strong><\/li>\n<\/ul>\n<p>Voc\u00ea tem o direito de retirar o seu\u00a0consentimento\u00a0em rela\u00e7\u00e3o \u00e0s atividades de tratamento que se baseiam no consentimento. No entanto, isso n\u00e3o afetar\u00e1 a legalidade de qualquer tratamento realizado anteriormente. Se voc\u00ea retirar o seu consentimento, talvez n\u00e3o possamos fornecer determinados servi\u00e7os, mas iremos avis\u00e1-lo quando isso ocorrer.<br \/>\n\u00a0<\/p>\n<ul>\n<li><strong>Oposi\u00e7\u00e3o<\/strong><\/li>\n<\/ul>\n<p>A lei autoriza o tratamento de dados pessoais mesmo sem o seu consentimento. Caso voc\u00ea n\u00e3o concorde com esse tratamento, em alguns casos, voc\u00ea poder\u00e1 se opor a ele, solicitando a interrup\u00e7\u00e3o.<\/p>\n<p>SEMPRE QUE VOC\u00ca EXERCER SEUS DIREITOS, A S\u00c3O PAULO DIGITAL\u00a0 PODER\u00c1 SOLICITAR ALGUMAS INFORMA\u00c7\u00d5ES COMPLEMENTARES PARA FINS DE COMPROVA\u00c7\u00c3O DA SUA IDENTIDADE, BUSCANDO IMPEDIR FRAUDES. FAZEMOS ISSO PARA GARANTIR A SEGURAN\u00c7A E A PRIVACIDADE DOS USU\u00c1RIOS DO NOSSO WEBSITE E APLICATIVO E DAQUELES QUE ENTRARAM EM CONTATO CONOSCO VIA CHAT, POR EXEMPLO. AINDA, ALGUMAS SOLICITA\u00c7\u00d5ES COMPLEXAS PODEM N\u00c3O SER RESPONDIDAS DE FORMA IMEDIATA, MAS A S\u00c3O PAULO DIGITAL SE COMPROMETE A RESPONDER TODAS AS REQUISI\u00c7\u00d5ES EM UM PRAZO RAZO\u00c1VEL E SEMPRE EM CONFORMIDADE COM A LEGISLA\u00c7\u00c3O APLIC\u00c1VEL.<\/p>\n<p>Caso voc\u00ea tenha alguma d\u00favida sobre essas quest\u00f5es ou sobre como voc\u00ea pode exercer esses direitos, fique \u00e0 vontade para entrar em contato conosco por meio dos canais informados ao final desta Pol\u00edtica.<\/p>\n<\/section>\n<section data-id=\"30d84747\" data-element_type=\"section\" data-settings=\"{&quot;background_background&quot;:&quot;classic&quot;}\">\n<h5>6. Por quanto tempo os seus dados pessoais ser\u00e3o armazenados?<\/h5>\n<p>Os seus dados pessoais s\u00e3o armazenados somente pelo tempo que for necess\u00e1rio para cumprir com as finalidades para as quais foram coletados, salvo se houver qualquer outra raz\u00e3o para sua manuten\u00e7\u00e3o como, por exemplo, cumprimento de quaisquer obriga\u00e7\u00f5es legais, regulat\u00f3rias, contratuais, entre outras, desde que fundamentadas em uma base legal. Por exemplo, devemos armazenar os dados referentes aos seus registros de acesso ao nosso website pelo per\u00edodo de 6 (seis) meses, conforme determina o Marco Civil da Internet.<\/p>\n<p>Tenha em mente que, sempre quando poss\u00edvel, consideraremos o seu direito de solicitar a exclus\u00e3o ou oposi\u00e7\u00e3o ao tratamento dos dados, conforme descrito no item 5 acima.<\/p>\n<\/section>\n<section data-id=\"7bc57fd1\" data-element_type=\"section\" data-settings=\"{&quot;background_background&quot;:&quot;classic&quot;}\">\n<h5>7. Quais s\u00e3o as nossas responsabilidades e como protegemos os seus dados pessoais?<\/h5>\n<p>Nossa responsabilidade \u00e9 cuidar dos seus dados pessoais e utiliz\u00e1-los para finalidades l\u00edcitas, conforme descrito nessa Pol\u00edtica. E, para garantir a sua privacidade e a prote\u00e7\u00e3o dos seus dados pessoais, adotamos as pr\u00e1ticas de seguran\u00e7a adequadas para nosso mercado, como o uso de t\u00e9cnicas de criptografia e outras medidas de seguran\u00e7a da informa\u00e7\u00e3o.<\/p>\n<p>N\u00f3s trabalhamos para proteger seus dados pessoais, mas infelizmente n\u00e3o podemos garantir total seguran\u00e7a. Entrada ou uso n\u00e3o autorizado de terceiros em sua conta, falha de hardware ou software que n\u00e3o esteja sob controle do S\u00e3o Paulo Digital e outros fatores podem comprometer a seguran\u00e7a dos seus dados pessoais. Por isso, sua atua\u00e7\u00e3o \u00e9 fundamental para a manuten\u00e7\u00e3o de um ambiente seguro para todos. Voc\u00ea pode nos ajudar adotando boas pr\u00e1ticas de seguran\u00e7a em rela\u00e7\u00e3o aos seus dados (como, por exemplo, n\u00e3o compartilhar senhas com terceiros), e caso voc\u00ea identifique ou tome conhecimento de algo que comprometa a seguran\u00e7a dos seus dados, por favor entre em contato conosco por meio do nosso Encarregado (Data Protection Officer), cujos canais de contato se encontram abaixo.<\/p>\n<\/section>\n<section data-id=\"674597fb\" data-element_type=\"section\" data-settings=\"{&quot;background_background&quot;:&quot;classic&quot;}\">\n<h5>8. Como falar sobre dados pessoais com o S\u00e3o Paulo Digital?<\/h5>\n<p>Se voc\u00ea acredita que seus dados pessoais foram usados de maneira incompat\u00edvel com esta Pol\u00edtica de Privacidade ou com as suas escolhas enquanto titular dos dados pessoais, ou, ainda, se voc\u00ea tiver d\u00favidas, coment\u00e1rios ou sugest\u00f5es relacionadas a esta Pol\u00edtica, entre em contato conosco. N\u00f3s temos um Encarregado (Data Protection Officer \u2013 DPO) que est\u00e1 \u00e0 disposi\u00e7\u00e3o nos seguintes endere\u00e7os de contato:<br \/>\n\u00a0<\/p>\n<p>\u200d<strong>Encarregado (DPO):<br \/><\/strong>Ramoni Artico<br \/>\u200d<br \/>\u200d<strong>Endere\u00e7o para correspond\u00eancias:<br \/>Rua Armando Barreto, 192 \u2013 Jardim Colombo \u2013 S\u00e3o Paulo \u2013 SP, 05628-060<br \/><\/strong><\/p>\n<p>\u200d<strong>E-mail para contato:<br \/>\u200d<\/strong><a href=\"https:\/\/web.archive.org\/web\/20250125071636\/mailto:contato@saopaulodigital.com.br\">contato@saopaulodigital.com.br<\/a><\/p>\n<\/section>\n<section data-id=\"6ba243e6\" data-element_type=\"section\" data-settings=\"{&quot;background_background&quot;:&quot;classic&quot;}\">\n<h5>9. Mudan\u00e7as na Pol\u00edtica de Privacidade<\/h5>\n<p>Como estamos sempre buscando melhorar nosso website, nossa plataforma, nossos produtos e servi\u00e7os, esta Pol\u00edtica de Privacidade pode passar por atualiza\u00e7\u00f5es para refletir as melhorias realizadas. Desta forma, recomendamos a visita peri\u00f3dica desta p\u00e1gina para que voc\u00ea tenha conhecimento sobre as modifica\u00e7\u00f5es realizadas. Caso sejam feitas altera\u00e7\u00f5es relevantes, iremos comunic\u00e1-lo.<\/p>\n<\/section>\n","protected":false},"excerpt":{"rendered":"<p>1. Como o S\u00e3o Paulo Digital coleta os dados pessoais e que tipos de dados s\u00e3o coletados? Os tipos de dados pessoais e a forma como o S\u00e3o Paulo Digital os coleta depende de como voc\u00ea se relaciona com a gente e por qu\u00ea. Por exemplo, caso voc\u00ea apenas entre em contato conosco por meio [&hellip;]<\/p>\n","protected":false},"author":1,"featured_media":0,"parent":0,"menu_order":0,"comment_status":"closed","ping_status":"closed","template":"elementor_theme","meta":{"jnews_page_loop":[],"jnews_single_page":[],"footnotes":""},"class_list":["post-972","page","type-page","status-publish","hentry"],"_links":{"self":[{"href":"https:\/\/saopaulodigital.com.br\/portal\/wp-json\/wp\/v2\/pages\/972","targetHints":{"allow":["GET"]}}],"collection":[{"href":"https:\/\/saopaulodigital.com.br\/portal\/wp-json\/wp\/v2\/pages"}],"about":[{"href":"https:\/\/saopaulodigital.com.br\/portal\/wp-json\/wp\/v2\/types\/page"}],"author":[{"embeddable":true,"href":"https:\/\/saopaulodigital.com.br\/portal\/wp-json\/wp\/v2\/users\/1"}],"replies":[{"embeddable":true,"href":"https:\/\/saopaulodigital.com.br\/portal\/wp-json\/wp\/v2\/comments?post=972"}],"version-history":[{"count":9,"href":"https:\/\/saopaulodigital.com.br\/portal\/wp-json\/wp\/v2\/pages\/972\/revisions"}],"predecessor-version":[{"id":1259,"href":"https:\/\/saopaulodigital.com.br\/portal\/wp-json\/wp\/v2\/pages\/972\/revisions\/1259"}],"wp:attachment":[{"href":"https:\/\/saopaulodigital.com.br\/portal\/wp-json\/wp\/v2\/media?parent=972"}],"curies":[{"name":"wp","href":"https:\/\/api.w.org\/{rel}","templated":true}]}}